{"id":48,"date":"2023-07-12T12:46:19","date_gmt":"2023-07-12T12:46:19","guid":{"rendered":"https:\/\/xn--ps-trservice-glb.de\/?page_id=48"},"modified":"2024-10-26T19:48:39","modified_gmt":"2024-10-26T19:48:39","slug":"impressum","status":"publish","type":"page","link":"https:\/\/xn--ps-trservice-glb.de\/?page_id=48","title":{"rendered":"Impressum"},"content":{"rendered":"\t\t<div data-elementor-type=\"wp-page\" data-elementor-id=\"48\" class=\"elementor elementor-48\" data-elementor-post-type=\"page\">\n\t\t\t\t<div class=\"elementor-element elementor-element-6dc111f1 e-flex e-con-boxed e-con e-parent\" data-id=\"6dc111f1\" data-element_type=\"container\" data-e-type=\"container\" data-settings=\"{&quot;background_background&quot;:&quot;classic&quot;,&quot;background_motion_fx_motion_fx_scrolling&quot;:&quot;yes&quot;,&quot;background_motion_fx_scale_effect&quot;:&quot;yes&quot;,&quot;background_motion_fx_scale_range&quot;:{&quot;unit&quot;:&quot;%&quot;,&quot;size&quot;:&quot;&quot;,&quot;sizes&quot;:{&quot;start&quot;:50,&quot;end&quot;:100}},&quot;background_motion_fx_scale_direction&quot;:&quot;out-in&quot;,&quot;background_motion_fx_scale_speed&quot;:{&quot;unit&quot;:&quot;px&quot;,&quot;size&quot;:4,&quot;sizes&quot;:[]},&quot;background_motion_fx_devices&quot;:[&quot;desktop&quot;,&quot;tablet&quot;,&quot;mobile&quot;]}\">\n\t\t\t\t\t<div class=\"e-con-inner\">\n\t\t\t\t<div class=\"elementor-element elementor-element-a400782 elementor-widget elementor-widget-heading\" data-id=\"a400782\" data-element_type=\"widget\" data-e-type=\"widget\" data-widget_type=\"heading.default\">\n\t\t\t\t<div class=\"elementor-widget-container\">\n\t\t\t\t\t<h2 class=\"elementor-heading-title elementor-size-default\">Impressum<\/h2>\t\t\t\t<\/div>\n\t\t\t\t<\/div>\n\t\t\t\t\t<\/div>\n\t\t\t\t<\/div>\n\t\t\t\t<section class=\"elementor-section elementor-top-section elementor-element elementor-element-4c00ab4b elementor-section-content-middle elementor-section-boxed elementor-section-height-default elementor-section-height-default\" data-id=\"4c00ab4b\" data-element_type=\"section\" data-e-type=\"section\">\n\t\t\t\t\t\t\t<div class=\"elementor-background-overlay\"><\/div>\n\t\t\t\t\t\t\t<div class=\"elementor-container elementor-column-gap-no\">\n\t\t\t\t\t<div class=\"elementor-column elementor-col-100 elementor-top-column elementor-element elementor-element-7d944a70\" data-id=\"7d944a70\" data-element_type=\"column\" data-e-type=\"column\">\n\t\t\t<div class=\"elementor-widget-wrap elementor-element-populated\">\n\t\t\t\t\t\t<div class=\"elementor-element elementor-element-779f7e4 elementor-widget elementor-widget-text-editor\" data-id=\"779f7e4\" data-element_type=\"widget\" data-e-type=\"widget\" data-widget_type=\"text-editor.default\">\n\t\t\t\t<div class=\"elementor-widget-container\">\n\t\t\t\t\t\t\t\t\t<p>PS-T\u00fcrservice OHG<br>Am Waldrand 23<br>73577 Ruppertshofen<\/p>\n<p>PS-T\u00fcrservice OHG<br>Niederlassung Oberschwaben<br>Bohlenweg 17<br>88525 D\u00fcrmentingen<\/p>\n<p>Vertreten durch die gesch\u00e4ftsf\u00fchrenden Gesellschafter<br>Wolfgang Pfeifer und Markus St\u00e4dler<\/p>\n<p>Telefon:&nbsp;&nbsp;&nbsp;0800 \/ 588 799 8<br>E-Mail:&nbsp;&nbsp;&nbsp;&nbsp;info@ps-tuerservice.de<\/p>\n<p style=\"background: white; margin: 0cm 0cm 12.0pt 0cm;\"><br><\/p>\t\t\t\t\t\t\t\t<\/div>\n\t\t\t\t<\/div>\n\t\t\t\t\t<\/div>\n\t\t<\/div>\n\t\t\t\t\t<\/div>\n\t\t<\/section>\n\t\t\t\t<\/div>\n\t\t","protected":false},"excerpt":{"rendered":"<p>Impressum PS-T\u00fcrservice OHGAm Waldrand 2373577 Ruppertshofen PS-T\u00fcrservice OHGNiederlassung OberschwabenBohlenweg 1788525 D\u00fcrmentingen Vertreten durch die gesch\u00e4ftsf\u00fchrenden GesellschafterWolfgang Pfeifer und Markus St\u00e4dler Telefon:&nbsp;&nbsp;&nbsp;0800 \/ 588 799 8E-Mail:&nbsp;&nbsp;&nbsp;&nbsp;info@ps-tuerservice.de<\/p>\n","protected":false},"author":1,"featured_media":0,"parent":0,"menu_order":0,"comment_status":"closed","ping_status":"closed","template":"","meta":{"footnotes":""},"class_list":["post-48","page","type-page","status-publish","hentry"],"_links":{"self":[{"href":"https:\/\/xn--ps-trservice-glb.de\/index.php?rest_route=\/wp\/v2\/pages\/48","targetHints":{"allow":["GET"]}}],"collection":[{"href":"https:\/\/xn--ps-trservice-glb.de\/index.php?rest_route=\/wp\/v2\/pages"}],"about":[{"href":"https:\/\/xn--ps-trservice-glb.de\/index.php?rest_route=\/wp\/v2\/types\/page"}],"author":[{"embeddable":true,"href":"https:\/\/xn--ps-trservice-glb.de\/index.php?rest_route=\/wp\/v2\/users\/1"}],"replies":[{"embeddable":true,"href":"https:\/\/xn--ps-trservice-glb.de\/index.php?rest_route=%2Fwp%2Fv2%2Fcomments&post=48"}],"version-history":[{"count":11,"href":"https:\/\/xn--ps-trservice-glb.de\/index.php?rest_route=\/wp\/v2\/pages\/48\/revisions"}],"predecessor-version":[{"id":517,"href":"https:\/\/xn--ps-trservice-glb.de\/index.php?rest_route=\/wp\/v2\/pages\/48\/revisions\/517"}],"wp:attachment":[{"href":"https:\/\/xn--ps-trservice-glb.de\/index.php?rest_route=%2Fwp%2Fv2%2Fmedia&parent=48"}],"curies":[{"name":"wp","href":"https:\/\/api.w.org\/{rel}","templated":true}]}}