{"id":187,"date":"2023-07-14T07:09:37","date_gmt":"2023-07-14T07:09:37","guid":{"rendered":"https:\/\/xn--ps-trservice-glb.de\/?page_id=187"},"modified":"2025-02-17T16:31:16","modified_gmt":"2025-02-17T16:31:16","slug":"ueber-uns","status":"publish","type":"page","link":"https:\/\/xn--ps-trservice-glb.de\/?page_id=187","title":{"rendered":"\u00dcber uns"},"content":{"rendered":"\t\t<div data-elementor-type=\"wp-page\" data-elementor-id=\"187\" class=\"elementor elementor-187\" data-elementor-post-type=\"page\">\n\t\t\t\t<div class=\"elementor-element elementor-element-8a245c6 e-con-full e-flex e-con e-parent\" data-id=\"8a245c6\" data-element_type=\"container\" data-e-type=\"container\">\n\t\t<div class=\"elementor-element elementor-element-5617824 e-con-full e-flex e-con e-child\" data-id=\"5617824\" data-element_type=\"container\" data-e-type=\"container\" data-settings=\"{&quot;background_background&quot;:&quot;classic&quot;}\">\n\t\t\t\t<\/div>\n\t\t<div class=\"elementor-element elementor-element-e3c3630 e-con-full e-flex e-con e-child\" data-id=\"e3c3630\" data-element_type=\"container\" data-e-type=\"container\">\n\t\t\t\t<div class=\"elementor-element elementor-element-ff3d4cf elementor-widget elementor-widget-heading\" data-id=\"ff3d4cf\" data-element_type=\"widget\" data-e-type=\"widget\" data-widget_type=\"heading.default\">\n\t\t\t\t<div class=\"elementor-widget-container\">\n\t\t\t\t\t<h2 class=\"elementor-heading-title elementor-size-default\">\u00dcber uns<\/h2>\t\t\t\t<\/div>\n\t\t\t\t<\/div>\n\t\t\t\t<div class=\"elementor-element elementor-element-36fd08f elementor-widget elementor-widget-text-editor\" data-id=\"36fd08f\" data-element_type=\"widget\" data-e-type=\"widget\" data-widget_type=\"text-editor.default\">\n\t\t\t\t<div class=\"elementor-widget-container\">\n\t\t\t\t\t\t\t\t\t<p>Wir, das sind <strong>Wolfgang Pfeifer<\/strong> und <strong>Markus St\u00e4dler<\/strong> haben 2011 die Gesellschaft Pfeifer und St\u00e4dler GbR in Wangen bei G\u00f6ppingen gegr\u00fcndet.<br \/>2019 wurde die Gesellschaft in die Firma <strong>PS-T\u00fcrservice OHG<\/strong> umgewandelt und es wurde die <strong>Niederlassung Oberschwaben D\u00fcrmentingen<\/strong> gegr\u00fcndet.<br \/>2022 ist der Stammsitz von Wangen nach <strong>Ruppertshofen<\/strong> (Ostalbkreis) umgezogen.<\/p>\t\t\t\t\t\t\t\t<\/div>\n\t\t\t\t<\/div>\n\t\t\t\t<\/div>\n\t\t\t\t<\/div>\n\t\t\t\t<\/div>\n\t\t","protected":false},"excerpt":{"rendered":"<p>\u00dcber uns Wir, das sind Wolfgang Pfeifer und Markus St\u00e4dler haben 2011 die Gesellschaft Pfeifer und St\u00e4dler GbR in Wangen bei G\u00f6ppingen gegr\u00fcndet.2019 wurde die Gesellschaft in die Firma PS-T\u00fcrservice OHG umgewandelt und es wurde die Niederlassung Oberschwaben D\u00fcrmentingen gegr\u00fcndet.2022 ist der Stammsitz von Wangen nach Ruppertshofen (Ostalbkreis) umgezogen.<\/p>\n","protected":false},"author":1,"featured_media":0,"parent":0,"menu_order":0,"comment_status":"closed","ping_status":"closed","template":"","meta":{"footnotes":""},"class_list":["post-187","page","type-page","status-publish","hentry"],"_links":{"self":[{"href":"https:\/\/xn--ps-trservice-glb.de\/index.php?rest_route=\/wp\/v2\/pages\/187","targetHints":{"allow":["GET"]}}],"collection":[{"href":"https:\/\/xn--ps-trservice-glb.de\/index.php?rest_route=\/wp\/v2\/pages"}],"about":[{"href":"https:\/\/xn--ps-trservice-glb.de\/index.php?rest_route=\/wp\/v2\/types\/page"}],"author":[{"embeddable":true,"href":"https:\/\/xn--ps-trservice-glb.de\/index.php?rest_route=\/wp\/v2\/users\/1"}],"replies":[{"embeddable":true,"href":"https:\/\/xn--ps-trservice-glb.de\/index.php?rest_route=%2Fwp%2Fv2%2Fcomments&post=187"}],"version-history":[{"count":28,"href":"https:\/\/xn--ps-trservice-glb.de\/index.php?rest_route=\/wp\/v2\/pages\/187\/revisions"}],"predecessor-version":[{"id":656,"href":"https:\/\/xn--ps-trservice-glb.de\/index.php?rest_route=\/wp\/v2\/pages\/187\/revisions\/656"}],"wp:attachment":[{"href":"https:\/\/xn--ps-trservice-glb.de\/index.php?rest_route=%2Fwp%2Fv2%2Fmedia&parent=187"}],"curies":[{"name":"wp","href":"https:\/\/api.w.org\/{rel}","templated":true}]}}